{"id":325,"date":"2014-10-21T14:18:31","date_gmt":"2014-10-21T12:18:31","guid":{"rendered":"http:\/\/mb2immobilien.ch\/prestations-de-service\/offertanfrage\/"},"modified":"2015-02-18T10:49:51","modified_gmt":"2015-02-18T08:49:51","slug":"demande-doffre","status":"publish","type":"page","link":"https:\/\/mb2immobilien.ch\/fr\/prestations-de-service\/demande-doffre\/","title":{"rendered":"Demande d&rsquo;offre"},"content":{"rendered":"<p><b>Nous tenons compte de vos d\u00e9sirs<\/b><\/p>\n<p style=\"text-align: justify;\">Avez-vous des questions \u00e0 propos de notre offre, que vous aimeriez \u00e9claircir ? Demandez nous sans engagement. Nous nous occupons volontiers de vos demandes et de vos d\u00e9sirs et nous vous \u00e9laborons une expertise individuelle.<\/p>\n\n<div class=\"wpcf7 no-js\" id=\"wpcf7-f386-o1\" lang=\"de-DE\" dir=\"ltr\" data-wpcf7-id=\"386\">\n<div class=\"screen-reader-response\"><p role=\"status\" aria-live=\"polite\" aria-atomic=\"true\"><\/p> <ul><\/ul><\/div>\n<form action=\"\/fr\/wp-json\/wp\/v2\/pages\/325#wpcf7-f386-o1\" method=\"post\" class=\"wpcf7-form init\" aria-label=\"Kontaktformular\" novalidate=\"novalidate\" data-status=\"init\">\n<fieldset class=\"hidden-fields-container\"><input type=\"hidden\" name=\"_wpcf7\" value=\"386\" \/><input type=\"hidden\" name=\"_wpcf7_version\" value=\"6.1.5\" \/><input type=\"hidden\" name=\"_wpcf7_locale\" value=\"de_DE\" \/><input type=\"hidden\" name=\"_wpcf7_unit_tag\" value=\"wpcf7-f386-o1\" \/><input type=\"hidden\" name=\"_wpcf7_container_post\" value=\"0\" \/><input type=\"hidden\" name=\"_wpcf7_posted_data_hash\" value=\"\" \/>\n<\/fieldset>\n<div class=\"column1\">\n\t<p><br \/>\n<label for=\"yourname\">Nom*<\/label><span class=\"wpcf7-form-control-wrap\" data-name=\"your-name\"><input size=\"40\" maxlength=\"400\" class=\"wpcf7-form-control wpcf7-text wpcf7-validates-as-required\" id=\"yourname\" tabindex=\"1\" aria-required=\"true\" aria-invalid=\"false\" value=\"\" type=\"text\" name=\"your-name\" \/><\/span>\n\t<\/p>\n\t<p><br \/>\n<label for=\"yourstreet\">Rue\/No.*<\/label><span class=\"wpcf7-form-control-wrap\" data-name=\"your-street\"><input size=\"40\" maxlength=\"400\" class=\"wpcf7-form-control wpcf7-text wpcf7-validates-as-required\" id=\"yourstreet\" tabindex=\"3\" aria-required=\"true\" aria-invalid=\"false\" value=\"\" type=\"text\" name=\"your-street\" \/><\/span>\n\t<\/p>\n\t<p><br \/>\n<label for=\"yourphone\">T\u00e9l\u00e9phone*<\/label><span class=\"wpcf7-form-control-wrap\" data-name=\"your-phone\"><input size=\"40\" maxlength=\"400\" class=\"wpcf7-form-control wpcf7-text wpcf7-validates-as-required\" id=\"yourphone\" tabindex=\"5\" aria-required=\"true\" aria-invalid=\"false\" value=\"\" type=\"text\" name=\"your-phone\" \/><\/span>\n\t<\/p>\n<\/div>\n<div class=\"column2\">\n\t<p><br \/>\n<label for=\"yourfirstname\">Pr\u00e9nom*<\/label><span class=\"wpcf7-form-control-wrap\" data-name=\"your-firstname\"><input size=\"40\" maxlength=\"400\" class=\"wpcf7-form-control wpcf7-text wpcf7-validates-as-required\" id=\"yourfirstname\" tabindex=\"2\" aria-required=\"true\" aria-invalid=\"false\" value=\"\" type=\"text\" name=\"your-firstname\" \/><\/span>\n\t<\/p>\n\t<p><br \/>\n<label for=\"yourzip\">Code postal\/Lieu*<\/label><span class=\"wpcf7-form-control-wrap\" data-name=\"your-zip\"><input size=\"40\" maxlength=\"400\" class=\"wpcf7-form-control wpcf7-text wpcf7-validates-as-required\" id=\"yourzip\" tabindex=\"4\" aria-required=\"true\" aria-invalid=\"false\" value=\"\" type=\"text\" name=\"your-zip\" \/><\/span>\n\t<\/p>\n\t<p><br \/>\n<label for=\"yourmail\">E-Mail*<\/label><span class=\"wpcf7-form-control-wrap\" data-name=\"your-mail\"><input size=\"40\" maxlength=\"400\" class=\"wpcf7-form-control wpcf7-text wpcf7-validates-as-required\" id=\"yourmail\" tabindex=\"6\" aria-required=\"true\" aria-invalid=\"false\" value=\"\" type=\"text\" name=\"your-mail\" \/><\/span>\n\t<\/p>\n<\/div>\n<div style=\"clear:both;\">\n<\/div>\n<p><br \/>\n<label for=\"yoursubject\">Objet*<\/label><span class=\"wpcf7-form-control-wrap\" data-name=\"your-subject\"><input size=\"40\" maxlength=\"400\" class=\"wpcf7-form-control wpcf7-text wpcf7-validates-as-required\" id=\"yoursubject\" tabindex=\"7\" aria-required=\"true\" aria-invalid=\"false\" value=\"\" type=\"text\" name=\"your-subject\" \/><\/span>\n<\/p>\n<p><br \/>\n<label for=\"yourmessage\">Message*<\/label><span class=\"wpcf7-form-control-wrap\" data-name=\"your-message\"><textarea cols=\"40\" rows=\"7\" maxlength=\"2000\" class=\"wpcf7-form-control wpcf7-textarea wpcf7-validates-as-required\" id=\"yourmessage\" tabindex=\"8\" aria-required=\"true\" aria-invalid=\"false\" name=\"your-message\"><\/textarea><\/span>\n<\/p>\n<p>Please enter the characters displayed in the image into the adjacent input field:<br \/>\n<input type=\"hidden\" name=\"_wpcf7_captcha_challenge_captcha-253\" value=\"1803517230\" \/><img loading=\"lazy\" decoding=\"async\" class=\"wpcf7-form-control wpcf7-captchac wpcf7-captcha-captcha-253\" width=\"72\" height=\"24\" alt=\"captcha\" src=\"https:\/\/mb2immobilien.ch\/wp-content\/uploads\/wpcf7_captcha\/1803517230.png\" \/><br \/>\n<span class=\"wpcf7-form-control-wrap\" data-name=\"captcha-253\"><input size=\"40\" class=\"wpcf7-form-control wpcf7-captchar\" autocomplete=\"off\" aria-invalid=\"false\" value=\"\" type=\"text\" name=\"captcha-253\" \/><\/span>\n<\/p>\n<p><input class=\"wpcf7-form-control wpcf7-submit has-spinner\" type=\"submit\" value=\"Envoyer\" \/>\n<\/p><div class=\"wpcf7-response-output\" aria-hidden=\"true\"><\/div>\n<\/form>\n<\/div>\n\n","protected":false},"excerpt":{"rendered":"<p>Nous tenons compte de vos d\u00e9sirs Avez-vous des<\/p>\n","protected":false},"author":1,"featured_media":0,"parent":321,"menu_order":0,"comment_status":"closed","ping_status":"closed","template":"","meta":{"_acf_changed":false,"footnotes":""},"class_list":["post-325","page","type-page","status-publish","hentry"],"acf":[],"yoast_head":"<!-- This site is optimized with the Yoast SEO plugin v27.4 - https:\/\/yoast.com\/product\/yoast-seo-wordpress\/ -->\n<title>Demande d&#039;offre - MB2 Immobilien AG<\/title>\n<meta name=\"robots\" content=\"index, follow, max-snippet:-1, max-image-preview:large, max-video-preview:-1\" \/>\n<link rel=\"canonical\" href=\"https:\/\/mb2immobilien.ch\/fr\/prestations-de-service\/demande-doffre\/\" \/>\n<meta property=\"og:locale\" content=\"fr_FR\" \/>\n<meta property=\"og:type\" content=\"article\" \/>\n<meta property=\"og:title\" content=\"Demande d&#039;offre - MB2 Immobilien AG\" \/>\n<meta property=\"og:description\" content=\"Nous tenons compte de vos d\u00e9sirs Avez-vous des\" \/>\n<meta property=\"og:url\" content=\"https:\/\/mb2immobilien.ch\/fr\/prestations-de-service\/demande-doffre\/\" \/>\n<meta property=\"og:site_name\" content=\"MB2 Immobilien AG\" \/>\n<meta property=\"article:modified_time\" content=\"2015-02-18T08:49:51+00:00\" \/>\n<meta name=\"twitter:card\" content=\"summary_large_image\" \/>\n<script type=\"application\/ld+json\" class=\"yoast-schema-graph\">{\"@context\":\"https:\\\/\\\/schema.org\",\"@graph\":[{\"@type\":\"WebPage\",\"@id\":\"https:\\\/\\\/mb2immobilien.ch\\\/fr\\\/prestations-de-service\\\/demande-doffre\\\/\",\"url\":\"https:\\\/\\\/mb2immobilien.ch\\\/fr\\\/prestations-de-service\\\/demande-doffre\\\/\",\"name\":\"Demande d'offre - MB2 Immobilien AG\",\"isPartOf\":{\"@id\":\"https:\\\/\\\/mb2immobilien.ch\\\/#website\"},\"datePublished\":\"2014-10-21T12:18:31+00:00\",\"dateModified\":\"2015-02-18T08:49:51+00:00\",\"breadcrumb\":{\"@id\":\"https:\\\/\\\/mb2immobilien.ch\\\/fr\\\/prestations-de-service\\\/demande-doffre\\\/#breadcrumb\"},\"inLanguage\":\"fr-FR\",\"potentialAction\":[{\"@type\":\"ReadAction\",\"target\":[\"https:\\\/\\\/mb2immobilien.ch\\\/fr\\\/prestations-de-service\\\/demande-doffre\\\/\"]}]},{\"@type\":\"BreadcrumbList\",\"@id\":\"https:\\\/\\\/mb2immobilien.ch\\\/fr\\\/prestations-de-service\\\/demande-doffre\\\/#breadcrumb\",\"itemListElement\":[{\"@type\":\"ListItem\",\"position\":1,\"name\":\"Home\",\"item\":\"https:\\\/\\\/mb2immobilien.ch\\\/fr\\\/\"},{\"@type\":\"ListItem\",\"position\":2,\"name\":\"Prestations de service\",\"item\":\"https:\\\/\\\/mb2immobilien.ch\\\/fr\\\/prestations-de-service\\\/\"},{\"@type\":\"ListItem\",\"position\":3,\"name\":\"Demande d&rsquo;offre\"}]},{\"@type\":\"WebSite\",\"@id\":\"https:\\\/\\\/mb2immobilien.ch\\\/#website\",\"url\":\"https:\\\/\\\/mb2immobilien.ch\\\/\",\"name\":\"MB2 Immobilien AG\",\"description\":\"\",\"publisher\":{\"@id\":\"https:\\\/\\\/mb2immobilien.ch\\\/#organization\"},\"potentialAction\":[{\"@type\":\"SearchAction\",\"target\":{\"@type\":\"EntryPoint\",\"urlTemplate\":\"https:\\\/\\\/mb2immobilien.ch\\\/?s={search_term_string}\"},\"query-input\":{\"@type\":\"PropertyValueSpecification\",\"valueRequired\":true,\"valueName\":\"search_term_string\"}}],\"inLanguage\":\"fr-FR\"},{\"@type\":\"Organization\",\"@id\":\"https:\\\/\\\/mb2immobilien.ch\\\/#organization\",\"name\":\"MB2 Immobilien AG\",\"url\":\"https:\\\/\\\/mb2immobilien.ch\\\/\",\"logo\":{\"@type\":\"ImageObject\",\"inLanguage\":\"fr-FR\",\"@id\":\"https:\\\/\\\/mb2immobilien.ch\\\/#\\\/schema\\\/logo\\\/image\\\/\",\"url\":\"https:\\\/\\\/mb2immobilien.ch\\\/wp-content\\\/uploads\\\/2022\\\/06\\\/logo.png\",\"contentUrl\":\"https:\\\/\\\/mb2immobilien.ch\\\/wp-content\\\/uploads\\\/2022\\\/06\\\/logo.png\",\"width\":192,\"height\":90,\"caption\":\"MB2 Immobilien AG\"},\"image\":{\"@id\":\"https:\\\/\\\/mb2immobilien.ch\\\/#\\\/schema\\\/logo\\\/image\\\/\"}}]}<\/script>\n<!-- \/ Yoast SEO plugin. -->","yoast_head_json":{"title":"Demande d'offre - MB2 Immobilien AG","robots":{"index":"index","follow":"follow","max-snippet":"max-snippet:-1","max-image-preview":"max-image-preview:large","max-video-preview":"max-video-preview:-1"},"canonical":"https:\/\/mb2immobilien.ch\/fr\/prestations-de-service\/demande-doffre\/","og_locale":"fr_FR","og_type":"article","og_title":"Demande d'offre - MB2 Immobilien AG","og_description":"Nous tenons compte de vos d\u00e9sirs Avez-vous des","og_url":"https:\/\/mb2immobilien.ch\/fr\/prestations-de-service\/demande-doffre\/","og_site_name":"MB2 Immobilien AG","article_modified_time":"2015-02-18T08:49:51+00:00","twitter_card":"summary_large_image","schema":{"@context":"https:\/\/schema.org","@graph":[{"@type":"WebPage","@id":"https:\/\/mb2immobilien.ch\/fr\/prestations-de-service\/demande-doffre\/","url":"https:\/\/mb2immobilien.ch\/fr\/prestations-de-service\/demande-doffre\/","name":"Demande d'offre - MB2 Immobilien AG","isPartOf":{"@id":"https:\/\/mb2immobilien.ch\/#website"},"datePublished":"2014-10-21T12:18:31+00:00","dateModified":"2015-02-18T08:49:51+00:00","breadcrumb":{"@id":"https:\/\/mb2immobilien.ch\/fr\/prestations-de-service\/demande-doffre\/#breadcrumb"},"inLanguage":"fr-FR","potentialAction":[{"@type":"ReadAction","target":["https:\/\/mb2immobilien.ch\/fr\/prestations-de-service\/demande-doffre\/"]}]},{"@type":"BreadcrumbList","@id":"https:\/\/mb2immobilien.ch\/fr\/prestations-de-service\/demande-doffre\/#breadcrumb","itemListElement":[{"@type":"ListItem","position":1,"name":"Home","item":"https:\/\/mb2immobilien.ch\/fr\/"},{"@type":"ListItem","position":2,"name":"Prestations de service","item":"https:\/\/mb2immobilien.ch\/fr\/prestations-de-service\/"},{"@type":"ListItem","position":3,"name":"Demande d&rsquo;offre"}]},{"@type":"WebSite","@id":"https:\/\/mb2immobilien.ch\/#website","url":"https:\/\/mb2immobilien.ch\/","name":"MB2 Immobilien AG","description":"","publisher":{"@id":"https:\/\/mb2immobilien.ch\/#organization"},"potentialAction":[{"@type":"SearchAction","target":{"@type":"EntryPoint","urlTemplate":"https:\/\/mb2immobilien.ch\/?s={search_term_string}"},"query-input":{"@type":"PropertyValueSpecification","valueRequired":true,"valueName":"search_term_string"}}],"inLanguage":"fr-FR"},{"@type":"Organization","@id":"https:\/\/mb2immobilien.ch\/#organization","name":"MB2 Immobilien AG","url":"https:\/\/mb2immobilien.ch\/","logo":{"@type":"ImageObject","inLanguage":"fr-FR","@id":"https:\/\/mb2immobilien.ch\/#\/schema\/logo\/image\/","url":"https:\/\/mb2immobilien.ch\/wp-content\/uploads\/2022\/06\/logo.png","contentUrl":"https:\/\/mb2immobilien.ch\/wp-content\/uploads\/2022\/06\/logo.png","width":192,"height":90,"caption":"MB2 Immobilien AG"},"image":{"@id":"https:\/\/mb2immobilien.ch\/#\/schema\/logo\/image\/"}}]}},"_links":{"self":[{"href":"https:\/\/mb2immobilien.ch\/fr\/wp-json\/wp\/v2\/pages\/325","targetHints":{"allow":["GET"]}}],"collection":[{"href":"https:\/\/mb2immobilien.ch\/fr\/wp-json\/wp\/v2\/pages"}],"about":[{"href":"https:\/\/mb2immobilien.ch\/fr\/wp-json\/wp\/v2\/types\/page"}],"author":[{"embeddable":true,"href":"https:\/\/mb2immobilien.ch\/fr\/wp-json\/wp\/v2\/users\/1"}],"replies":[{"embeddable":true,"href":"https:\/\/mb2immobilien.ch\/fr\/wp-json\/wp\/v2\/comments?post=325"}],"version-history":[{"count":0,"href":"https:\/\/mb2immobilien.ch\/fr\/wp-json\/wp\/v2\/pages\/325\/revisions"}],"up":[{"embeddable":true,"href":"https:\/\/mb2immobilien.ch\/fr\/wp-json\/wp\/v2\/pages\/321"}],"wp:attachment":[{"href":"https:\/\/mb2immobilien.ch\/fr\/wp-json\/wp\/v2\/media?parent=325"}],"curies":[{"name":"wp","href":"https:\/\/api.w.org\/{rel}","templated":true}]}}