{"id":327,"date":"2014-10-21T14:17:05","date_gmt":"2014-10-21T12:17:05","guid":{"rendered":"http:\/\/mb2immobilien.ch\/prestations-de-service\/verkauf\/"},"modified":"2015-02-18T10:50:14","modified_gmt":"2015-02-18T08:50:14","slug":"vente","status":"publish","type":"page","link":"https:\/\/mb2immobilien.ch\/fr\/prestations-de-service\/vente\/","title":{"rendered":"Vente"},"content":{"rendered":"<h1><b>Tout sous le m\u00eame toit<\/b><\/h1>\n<p style=\"text-align: justify;\">Nous offrons des prestations de vente compl\u00e8tes y compris les consultations avec les vendeurs\/acqu\u00e9reurs.<\/p>\n<p style=\"text-align: justify;\">Nous \u00e9laborons une documentation de vente professionnelle pour votre objet et menons \u00e0 bien les n\u00e9gociations de vente.<\/p>\n<p style=\"text-align: justify;\">Apr\u00e8s la r\u00e9ussite des n\u00e9gociations de vente, nous nous occupons correctement et soigneusement de l\u2019acte authentique.<\/p>\n","protected":false},"excerpt":{"rendered":"<p>Tout sous le m\u00eame toit Nous offrons des<\/p>\n","protected":false},"author":1,"featured_media":0,"parent":321,"menu_order":0,"comment_status":"closed","ping_status":"closed","template":"","meta":{"_acf_changed":false,"footnotes":""},"class_list":["post-327","page","type-page","status-publish","hentry"],"acf":[],"yoast_head":"<!-- This site is optimized with the Yoast SEO plugin v27.4 - https:\/\/yoast.com\/product\/yoast-seo-wordpress\/ -->\n<title>Vente - MB2 Immobilien AG<\/title>\n<meta name=\"robots\" content=\"index, follow, max-snippet:-1, max-image-preview:large, max-video-preview:-1\" \/>\n<link rel=\"canonical\" href=\"https:\/\/mb2immobilien.ch\/fr\/prestations-de-service\/vente\/\" \/>\n<meta property=\"og:locale\" content=\"fr_FR\" \/>\n<meta property=\"og:type\" content=\"article\" \/>\n<meta property=\"og:title\" content=\"Vente - MB2 Immobilien AG\" \/>\n<meta property=\"og:description\" content=\"Tout sous le m\u00eame toit Nous offrons des\" \/>\n<meta property=\"og:url\" content=\"https:\/\/mb2immobilien.ch\/fr\/prestations-de-service\/vente\/\" \/>\n<meta property=\"og:site_name\" content=\"MB2 Immobilien AG\" \/>\n<meta property=\"article:modified_time\" content=\"2015-02-18T08:50:14+00:00\" \/>\n<meta name=\"twitter:card\" content=\"summary_large_image\" \/>\n<script type=\"application\/ld+json\" class=\"yoast-schema-graph\">{\"@context\":\"https:\\\/\\\/schema.org\",\"@graph\":[{\"@type\":\"WebPage\",\"@id\":\"https:\\\/\\\/mb2immobilien.ch\\\/fr\\\/prestations-de-service\\\/vente\\\/\",\"url\":\"https:\\\/\\\/mb2immobilien.ch\\\/fr\\\/prestations-de-service\\\/vente\\\/\",\"name\":\"Vente - MB2 Immobilien AG\",\"isPartOf\":{\"@id\":\"https:\\\/\\\/mb2immobilien.ch\\\/#website\"},\"datePublished\":\"2014-10-21T12:17:05+00:00\",\"dateModified\":\"2015-02-18T08:50:14+00:00\",\"breadcrumb\":{\"@id\":\"https:\\\/\\\/mb2immobilien.ch\\\/fr\\\/prestations-de-service\\\/vente\\\/#breadcrumb\"},\"inLanguage\":\"fr-FR\",\"potentialAction\":[{\"@type\":\"ReadAction\",\"target\":[\"https:\\\/\\\/mb2immobilien.ch\\\/fr\\\/prestations-de-service\\\/vente\\\/\"]}]},{\"@type\":\"BreadcrumbList\",\"@id\":\"https:\\\/\\\/mb2immobilien.ch\\\/fr\\\/prestations-de-service\\\/vente\\\/#breadcrumb\",\"itemListElement\":[{\"@type\":\"ListItem\",\"position\":1,\"name\":\"Home\",\"item\":\"https:\\\/\\\/mb2immobilien.ch\\\/fr\\\/\"},{\"@type\":\"ListItem\",\"position\":2,\"name\":\"Prestations de service\",\"item\":\"https:\\\/\\\/mb2immobilien.ch\\\/fr\\\/prestations-de-service\\\/\"},{\"@type\":\"ListItem\",\"position\":3,\"name\":\"Vente\"}]},{\"@type\":\"WebSite\",\"@id\":\"https:\\\/\\\/mb2immobilien.ch\\\/#website\",\"url\":\"https:\\\/\\\/mb2immobilien.ch\\\/\",\"name\":\"MB2 Immobilien AG\",\"description\":\"\",\"publisher\":{\"@id\":\"https:\\\/\\\/mb2immobilien.ch\\\/#organization\"},\"potentialAction\":[{\"@type\":\"SearchAction\",\"target\":{\"@type\":\"EntryPoint\",\"urlTemplate\":\"https:\\\/\\\/mb2immobilien.ch\\\/?s={search_term_string}\"},\"query-input\":{\"@type\":\"PropertyValueSpecification\",\"valueRequired\":true,\"valueName\":\"search_term_string\"}}],\"inLanguage\":\"fr-FR\"},{\"@type\":\"Organization\",\"@id\":\"https:\\\/\\\/mb2immobilien.ch\\\/#organization\",\"name\":\"MB2 Immobilien AG\",\"url\":\"https:\\\/\\\/mb2immobilien.ch\\\/\",\"logo\":{\"@type\":\"ImageObject\",\"inLanguage\":\"fr-FR\",\"@id\":\"https:\\\/\\\/mb2immobilien.ch\\\/#\\\/schema\\\/logo\\\/image\\\/\",\"url\":\"https:\\\/\\\/mb2immobilien.ch\\\/wp-content\\\/uploads\\\/2022\\\/06\\\/logo.png\",\"contentUrl\":\"https:\\\/\\\/mb2immobilien.ch\\\/wp-content\\\/uploads\\\/2022\\\/06\\\/logo.png\",\"width\":192,\"height\":90,\"caption\":\"MB2 Immobilien AG\"},\"image\":{\"@id\":\"https:\\\/\\\/mb2immobilien.ch\\\/#\\\/schema\\\/logo\\\/image\\\/\"}}]}<\/script>\n<!-- \/ Yoast SEO plugin. -->","yoast_head_json":{"title":"Vente - MB2 Immobilien AG","robots":{"index":"index","follow":"follow","max-snippet":"max-snippet:-1","max-image-preview":"max-image-preview:large","max-video-preview":"max-video-preview:-1"},"canonical":"https:\/\/mb2immobilien.ch\/fr\/prestations-de-service\/vente\/","og_locale":"fr_FR","og_type":"article","og_title":"Vente - MB2 Immobilien AG","og_description":"Tout sous le m\u00eame toit Nous offrons des","og_url":"https:\/\/mb2immobilien.ch\/fr\/prestations-de-service\/vente\/","og_site_name":"MB2 Immobilien AG","article_modified_time":"2015-02-18T08:50:14+00:00","twitter_card":"summary_large_image","schema":{"@context":"https:\/\/schema.org","@graph":[{"@type":"WebPage","@id":"https:\/\/mb2immobilien.ch\/fr\/prestations-de-service\/vente\/","url":"https:\/\/mb2immobilien.ch\/fr\/prestations-de-service\/vente\/","name":"Vente - MB2 Immobilien AG","isPartOf":{"@id":"https:\/\/mb2immobilien.ch\/#website"},"datePublished":"2014-10-21T12:17:05+00:00","dateModified":"2015-02-18T08:50:14+00:00","breadcrumb":{"@id":"https:\/\/mb2immobilien.ch\/fr\/prestations-de-service\/vente\/#breadcrumb"},"inLanguage":"fr-FR","potentialAction":[{"@type":"ReadAction","target":["https:\/\/mb2immobilien.ch\/fr\/prestations-de-service\/vente\/"]}]},{"@type":"BreadcrumbList","@id":"https:\/\/mb2immobilien.ch\/fr\/prestations-de-service\/vente\/#breadcrumb","itemListElement":[{"@type":"ListItem","position":1,"name":"Home","item":"https:\/\/mb2immobilien.ch\/fr\/"},{"@type":"ListItem","position":2,"name":"Prestations de service","item":"https:\/\/mb2immobilien.ch\/fr\/prestations-de-service\/"},{"@type":"ListItem","position":3,"name":"Vente"}]},{"@type":"WebSite","@id":"https:\/\/mb2immobilien.ch\/#website","url":"https:\/\/mb2immobilien.ch\/","name":"MB2 Immobilien AG","description":"","publisher":{"@id":"https:\/\/mb2immobilien.ch\/#organization"},"potentialAction":[{"@type":"SearchAction","target":{"@type":"EntryPoint","urlTemplate":"https:\/\/mb2immobilien.ch\/?s={search_term_string}"},"query-input":{"@type":"PropertyValueSpecification","valueRequired":true,"valueName":"search_term_string"}}],"inLanguage":"fr-FR"},{"@type":"Organization","@id":"https:\/\/mb2immobilien.ch\/#organization","name":"MB2 Immobilien AG","url":"https:\/\/mb2immobilien.ch\/","logo":{"@type":"ImageObject","inLanguage":"fr-FR","@id":"https:\/\/mb2immobilien.ch\/#\/schema\/logo\/image\/","url":"https:\/\/mb2immobilien.ch\/wp-content\/uploads\/2022\/06\/logo.png","contentUrl":"https:\/\/mb2immobilien.ch\/wp-content\/uploads\/2022\/06\/logo.png","width":192,"height":90,"caption":"MB2 Immobilien AG"},"image":{"@id":"https:\/\/mb2immobilien.ch\/#\/schema\/logo\/image\/"}}]}},"_links":{"self":[{"href":"https:\/\/mb2immobilien.ch\/fr\/wp-json\/wp\/v2\/pages\/327","targetHints":{"allow":["GET"]}}],"collection":[{"href":"https:\/\/mb2immobilien.ch\/fr\/wp-json\/wp\/v2\/pages"}],"about":[{"href":"https:\/\/mb2immobilien.ch\/fr\/wp-json\/wp\/v2\/types\/page"}],"author":[{"embeddable":true,"href":"https:\/\/mb2immobilien.ch\/fr\/wp-json\/wp\/v2\/users\/1"}],"replies":[{"embeddable":true,"href":"https:\/\/mb2immobilien.ch\/fr\/wp-json\/wp\/v2\/comments?post=327"}],"version-history":[{"count":0,"href":"https:\/\/mb2immobilien.ch\/fr\/wp-json\/wp\/v2\/pages\/327\/revisions"}],"up":[{"embeddable":true,"href":"https:\/\/mb2immobilien.ch\/fr\/wp-json\/wp\/v2\/pages\/321"}],"wp:attachment":[{"href":"https:\/\/mb2immobilien.ch\/fr\/wp-json\/wp\/v2\/media?parent=327"}],"curies":[{"name":"wp","href":"https:\/\/api.w.org\/{rel}","templated":true}]}}