{"id":331,"date":"2014-10-21T14:14:57","date_gmt":"2014-10-21T12:14:57","guid":{"rendered":"http:\/\/mb2immobilien.ch\/prestations-de-service\/vermietung\/"},"modified":"2015-02-18T10:50:54","modified_gmt":"2015-02-18T08:50:54","slug":"location","status":"publish","type":"page","link":"https:\/\/mb2immobilien.ch\/fr\/prestations-de-service\/location\/","title":{"rendered":"Location"},"content":{"rendered":"<h1>Vous pouvez nous confier la location<\/h1>\n<p style=\"text-align: justify;\">Profitez de nos connaissances du march\u00e9 r\u00e9gional : Peu importe, s\u2019il s\u2019agit d\u2019appartements ou de locaux commerciaux, nous prenons soin de la location de votre immeuble. Nous \u00e9laborons un concept de commercialisation puissant, nous d\u00e9finissons ensemble un loyer qui correspond au march\u00e9 et nous recherchons des locataires appropri\u00e9s.<\/p>\n<p style=\"text-align: justify;\">Selon les r\u00e8gles du m\u00e9tier, nous prenons la responsabilit\u00e9 que l\u2019appartement soit rendu correctement et il va de soi que nous nous chargeons \u00e9galement du contrat de bail.<\/p>\n","protected":false},"excerpt":{"rendered":"<p>Vous pouvez nous confier la location Profitez de<\/p>\n","protected":false},"author":1,"featured_media":0,"parent":321,"menu_order":0,"comment_status":"closed","ping_status":"closed","template":"","meta":{"_acf_changed":false,"footnotes":""},"class_list":["post-331","page","type-page","status-publish","hentry"],"acf":[],"yoast_head":"<!-- This site is optimized with the Yoast SEO plugin v27.5 - https:\/\/yoast.com\/product\/yoast-seo-wordpress\/ -->\n<title>Location - MB2 Immobilien AG<\/title>\n<meta name=\"robots\" content=\"index, follow, max-snippet:-1, max-image-preview:large, max-video-preview:-1\" \/>\n<link rel=\"canonical\" href=\"https:\/\/mb2immobilien.ch\/fr\/prestations-de-service\/location\/\" \/>\n<meta property=\"og:locale\" content=\"fr_FR\" \/>\n<meta property=\"og:type\" content=\"article\" \/>\n<meta property=\"og:title\" content=\"Location - MB2 Immobilien AG\" \/>\n<meta property=\"og:description\" content=\"Vous pouvez nous confier la location Profitez de\" \/>\n<meta property=\"og:url\" content=\"https:\/\/mb2immobilien.ch\/fr\/prestations-de-service\/location\/\" \/>\n<meta property=\"og:site_name\" content=\"MB2 Immobilien AG\" \/>\n<meta property=\"article:modified_time\" content=\"2015-02-18T08:50:54+00:00\" \/>\n<meta name=\"twitter:card\" content=\"summary_large_image\" \/>\n<script type=\"application\/ld+json\" class=\"yoast-schema-graph\">{\"@context\":\"https:\\\/\\\/schema.org\",\"@graph\":[{\"@type\":\"WebPage\",\"@id\":\"https:\\\/\\\/mb2immobilien.ch\\\/fr\\\/prestations-de-service\\\/location\\\/\",\"url\":\"https:\\\/\\\/mb2immobilien.ch\\\/fr\\\/prestations-de-service\\\/location\\\/\",\"name\":\"Location - MB2 Immobilien AG\",\"isPartOf\":{\"@id\":\"https:\\\/\\\/mb2immobilien.ch\\\/#website\"},\"datePublished\":\"2014-10-21T12:14:57+00:00\",\"dateModified\":\"2015-02-18T08:50:54+00:00\",\"breadcrumb\":{\"@id\":\"https:\\\/\\\/mb2immobilien.ch\\\/fr\\\/prestations-de-service\\\/location\\\/#breadcrumb\"},\"inLanguage\":\"fr-FR\",\"potentialAction\":[{\"@type\":\"ReadAction\",\"target\":[\"https:\\\/\\\/mb2immobilien.ch\\\/fr\\\/prestations-de-service\\\/location\\\/\"]}]},{\"@type\":\"BreadcrumbList\",\"@id\":\"https:\\\/\\\/mb2immobilien.ch\\\/fr\\\/prestations-de-service\\\/location\\\/#breadcrumb\",\"itemListElement\":[{\"@type\":\"ListItem\",\"position\":1,\"name\":\"Home\",\"item\":\"https:\\\/\\\/mb2immobilien.ch\\\/fr\\\/\"},{\"@type\":\"ListItem\",\"position\":2,\"name\":\"Prestations de service\",\"item\":\"https:\\\/\\\/mb2immobilien.ch\\\/fr\\\/prestations-de-service\\\/\"},{\"@type\":\"ListItem\",\"position\":3,\"name\":\"Location\"}]},{\"@type\":\"WebSite\",\"@id\":\"https:\\\/\\\/mb2immobilien.ch\\\/#website\",\"url\":\"https:\\\/\\\/mb2immobilien.ch\\\/\",\"name\":\"MB2 Immobilien AG\",\"description\":\"\",\"publisher\":{\"@id\":\"https:\\\/\\\/mb2immobilien.ch\\\/#organization\"},\"potentialAction\":[{\"@type\":\"SearchAction\",\"target\":{\"@type\":\"EntryPoint\",\"urlTemplate\":\"https:\\\/\\\/mb2immobilien.ch\\\/?s={search_term_string}\"},\"query-input\":{\"@type\":\"PropertyValueSpecification\",\"valueRequired\":true,\"valueName\":\"search_term_string\"}}],\"inLanguage\":\"fr-FR\"},{\"@type\":\"Organization\",\"@id\":\"https:\\\/\\\/mb2immobilien.ch\\\/#organization\",\"name\":\"MB2 Immobilien AG\",\"url\":\"https:\\\/\\\/mb2immobilien.ch\\\/\",\"logo\":{\"@type\":\"ImageObject\",\"inLanguage\":\"fr-FR\",\"@id\":\"https:\\\/\\\/mb2immobilien.ch\\\/#\\\/schema\\\/logo\\\/image\\\/\",\"url\":\"https:\\\/\\\/mb2immobilien.ch\\\/wp-content\\\/uploads\\\/2022\\\/06\\\/logo.png\",\"contentUrl\":\"https:\\\/\\\/mb2immobilien.ch\\\/wp-content\\\/uploads\\\/2022\\\/06\\\/logo.png\",\"width\":192,\"height\":90,\"caption\":\"MB2 Immobilien AG\"},\"image\":{\"@id\":\"https:\\\/\\\/mb2immobilien.ch\\\/#\\\/schema\\\/logo\\\/image\\\/\"}}]}<\/script>\n<!-- \/ Yoast SEO plugin. -->","yoast_head_json":{"title":"Location - MB2 Immobilien AG","robots":{"index":"index","follow":"follow","max-snippet":"max-snippet:-1","max-image-preview":"max-image-preview:large","max-video-preview":"max-video-preview:-1"},"canonical":"https:\/\/mb2immobilien.ch\/fr\/prestations-de-service\/location\/","og_locale":"fr_FR","og_type":"article","og_title":"Location - MB2 Immobilien AG","og_description":"Vous pouvez nous confier la location Profitez de","og_url":"https:\/\/mb2immobilien.ch\/fr\/prestations-de-service\/location\/","og_site_name":"MB2 Immobilien AG","article_modified_time":"2015-02-18T08:50:54+00:00","twitter_card":"summary_large_image","schema":{"@context":"https:\/\/schema.org","@graph":[{"@type":"WebPage","@id":"https:\/\/mb2immobilien.ch\/fr\/prestations-de-service\/location\/","url":"https:\/\/mb2immobilien.ch\/fr\/prestations-de-service\/location\/","name":"Location - MB2 Immobilien AG","isPartOf":{"@id":"https:\/\/mb2immobilien.ch\/#website"},"datePublished":"2014-10-21T12:14:57+00:00","dateModified":"2015-02-18T08:50:54+00:00","breadcrumb":{"@id":"https:\/\/mb2immobilien.ch\/fr\/prestations-de-service\/location\/#breadcrumb"},"inLanguage":"fr-FR","potentialAction":[{"@type":"ReadAction","target":["https:\/\/mb2immobilien.ch\/fr\/prestations-de-service\/location\/"]}]},{"@type":"BreadcrumbList","@id":"https:\/\/mb2immobilien.ch\/fr\/prestations-de-service\/location\/#breadcrumb","itemListElement":[{"@type":"ListItem","position":1,"name":"Home","item":"https:\/\/mb2immobilien.ch\/fr\/"},{"@type":"ListItem","position":2,"name":"Prestations de service","item":"https:\/\/mb2immobilien.ch\/fr\/prestations-de-service\/"},{"@type":"ListItem","position":3,"name":"Location"}]},{"@type":"WebSite","@id":"https:\/\/mb2immobilien.ch\/#website","url":"https:\/\/mb2immobilien.ch\/","name":"MB2 Immobilien AG","description":"","publisher":{"@id":"https:\/\/mb2immobilien.ch\/#organization"},"potentialAction":[{"@type":"SearchAction","target":{"@type":"EntryPoint","urlTemplate":"https:\/\/mb2immobilien.ch\/?s={search_term_string}"},"query-input":{"@type":"PropertyValueSpecification","valueRequired":true,"valueName":"search_term_string"}}],"inLanguage":"fr-FR"},{"@type":"Organization","@id":"https:\/\/mb2immobilien.ch\/#organization","name":"MB2 Immobilien AG","url":"https:\/\/mb2immobilien.ch\/","logo":{"@type":"ImageObject","inLanguage":"fr-FR","@id":"https:\/\/mb2immobilien.ch\/#\/schema\/logo\/image\/","url":"https:\/\/mb2immobilien.ch\/wp-content\/uploads\/2022\/06\/logo.png","contentUrl":"https:\/\/mb2immobilien.ch\/wp-content\/uploads\/2022\/06\/logo.png","width":192,"height":90,"caption":"MB2 Immobilien AG"},"image":{"@id":"https:\/\/mb2immobilien.ch\/#\/schema\/logo\/image\/"}}]}},"_links":{"self":[{"href":"https:\/\/mb2immobilien.ch\/fr\/wp-json\/wp\/v2\/pages\/331","targetHints":{"allow":["GET"]}}],"collection":[{"href":"https:\/\/mb2immobilien.ch\/fr\/wp-json\/wp\/v2\/pages"}],"about":[{"href":"https:\/\/mb2immobilien.ch\/fr\/wp-json\/wp\/v2\/types\/page"}],"author":[{"embeddable":true,"href":"https:\/\/mb2immobilien.ch\/fr\/wp-json\/wp\/v2\/users\/1"}],"replies":[{"embeddable":true,"href":"https:\/\/mb2immobilien.ch\/fr\/wp-json\/wp\/v2\/comments?post=331"}],"version-history":[{"count":0,"href":"https:\/\/mb2immobilien.ch\/fr\/wp-json\/wp\/v2\/pages\/331\/revisions"}],"up":[{"embeddable":true,"href":"https:\/\/mb2immobilien.ch\/fr\/wp-json\/wp\/v2\/pages\/321"}],"wp:attachment":[{"href":"https:\/\/mb2immobilien.ch\/fr\/wp-json\/wp\/v2\/media?parent=331"}],"curies":[{"name":"wp","href":"https:\/\/api.w.org\/{rel}","templated":true}]}}