{"id":338,"date":"2014-10-21T14:16:17","date_gmt":"2014-10-21T12:16:17","guid":{"rendered":"http:\/\/mb2immobilien.ch\/prestations-de-service\/gerance\/mietliegenschaften\/"},"modified":"2015-02-18T11:00:06","modified_gmt":"2015-02-18T09:00:06","slug":"immeubles-a-louer","status":"publish","type":"page","link":"https:\/\/mb2immobilien.ch\/fr\/prestations-de-service\/gerance\/immeubles-a-louer\/","title":{"rendered":"Immeubles a louer"},"content":{"rendered":"<p style=\"text-align: justify;\">Nous nous occupons irr\u00e9prochablement de la g\u00e9rance technique et administrative des immeubles \u00e0 louer\u00a0:<\/p>\n<p style=\"text-align: justify;\">&#8211; \u00a0 \u00a0 \u00a0Entretien des immeubles<br \/>\n&#8211; \u00a0 \u00a0 \u00a0Processus de rendement et de reprise<br \/>\n&#8211; \u00a0 \u00a0 \u00a0Comptabilit\u00e9<br \/>\n&#8211; \u00a0 \u00a0 \u00a0Calcul et \u00e9laboration de d\u00e9compte de chauffage et de frais d\u2019exploitation<br \/>\n&#8211; \u00a0 \u00a0 \u00a0D\u00e9compte et contr\u00f4le des assurances<\/p>\n<p style=\"text-align: justify;\">Nous g\u00e9rons professionnellement et avec comp\u00e9tence des immeubles locatifs, mais \u00e9galement des immeubles dans les domaines de bureau, d\u2019industrie et de la restauration. Sur demande, une g\u00e9rance partielle est possible.<\/p>\n<p style=\"text-align: justify;\">Notre communication avec les locataires et concierges est partenariale et respectueuse.<\/p>\n","protected":false},"excerpt":{"rendered":"<p>Nous nous occupons irr\u00e9prochablement de la g\u00e9rance technique<\/p>\n","protected":false},"author":1,"featured_media":0,"parent":336,"menu_order":0,"comment_status":"closed","ping_status":"closed","template":"","meta":{"_acf_changed":false,"footnotes":""},"class_list":["post-338","page","type-page","status-publish","hentry"],"acf":[],"yoast_head":"<!-- This site is optimized with the Yoast SEO plugin v27.5 - https:\/\/yoast.com\/product\/yoast-seo-wordpress\/ -->\n<title>Immeubles a louer - MB2 Immobilien AG<\/title>\n<meta name=\"robots\" content=\"index, follow, max-snippet:-1, max-image-preview:large, max-video-preview:-1\" \/>\n<link rel=\"canonical\" href=\"https:\/\/mb2immobilien.ch\/fr\/prestations-de-service\/gerance\/immeubles-a-louer\/\" \/>\n<meta property=\"og:locale\" content=\"fr_FR\" \/>\n<meta property=\"og:type\" content=\"article\" \/>\n<meta property=\"og:title\" content=\"Immeubles a louer - MB2 Immobilien AG\" \/>\n<meta property=\"og:description\" content=\"Nous nous occupons irr\u00e9prochablement de la g\u00e9rance technique\" \/>\n<meta property=\"og:url\" content=\"https:\/\/mb2immobilien.ch\/fr\/prestations-de-service\/gerance\/immeubles-a-louer\/\" \/>\n<meta property=\"og:site_name\" content=\"MB2 Immobilien AG\" \/>\n<meta property=\"article:modified_time\" content=\"2015-02-18T09:00:06+00:00\" \/>\n<meta name=\"twitter:card\" content=\"summary_large_image\" \/>\n<script type=\"application\/ld+json\" class=\"yoast-schema-graph\">{\"@context\":\"https:\\\/\\\/schema.org\",\"@graph\":[{\"@type\":\"WebPage\",\"@id\":\"https:\\\/\\\/mb2immobilien.ch\\\/fr\\\/prestations-de-service\\\/gerance\\\/immeubles-a-louer\\\/\",\"url\":\"https:\\\/\\\/mb2immobilien.ch\\\/fr\\\/prestations-de-service\\\/gerance\\\/immeubles-a-louer\\\/\",\"name\":\"Immeubles a louer - MB2 Immobilien AG\",\"isPartOf\":{\"@id\":\"https:\\\/\\\/mb2immobilien.ch\\\/#website\"},\"datePublished\":\"2014-10-21T12:16:17+00:00\",\"dateModified\":\"2015-02-18T09:00:06+00:00\",\"breadcrumb\":{\"@id\":\"https:\\\/\\\/mb2immobilien.ch\\\/fr\\\/prestations-de-service\\\/gerance\\\/immeubles-a-louer\\\/#breadcrumb\"},\"inLanguage\":\"fr-FR\",\"potentialAction\":[{\"@type\":\"ReadAction\",\"target\":[\"https:\\\/\\\/mb2immobilien.ch\\\/fr\\\/prestations-de-service\\\/gerance\\\/immeubles-a-louer\\\/\"]}]},{\"@type\":\"BreadcrumbList\",\"@id\":\"https:\\\/\\\/mb2immobilien.ch\\\/fr\\\/prestations-de-service\\\/gerance\\\/immeubles-a-louer\\\/#breadcrumb\",\"itemListElement\":[{\"@type\":\"ListItem\",\"position\":1,\"name\":\"Home\",\"item\":\"https:\\\/\\\/mb2immobilien.ch\\\/fr\\\/\"},{\"@type\":\"ListItem\",\"position\":2,\"name\":\"Prestations de service\",\"item\":\"https:\\\/\\\/mb2immobilien.ch\\\/fr\\\/prestations-de-service\\\/\"},{\"@type\":\"ListItem\",\"position\":3,\"name\":\"Gerance\",\"item\":\"https:\\\/\\\/mb2immobilien.ch\\\/fr\\\/prestations-de-service\\\/gerance\\\/\"},{\"@type\":\"ListItem\",\"position\":4,\"name\":\"Immeubles a louer\"}]},{\"@type\":\"WebSite\",\"@id\":\"https:\\\/\\\/mb2immobilien.ch\\\/#website\",\"url\":\"https:\\\/\\\/mb2immobilien.ch\\\/\",\"name\":\"MB2 Immobilien AG\",\"description\":\"\",\"publisher\":{\"@id\":\"https:\\\/\\\/mb2immobilien.ch\\\/#organization\"},\"potentialAction\":[{\"@type\":\"SearchAction\",\"target\":{\"@type\":\"EntryPoint\",\"urlTemplate\":\"https:\\\/\\\/mb2immobilien.ch\\\/?s={search_term_string}\"},\"query-input\":{\"@type\":\"PropertyValueSpecification\",\"valueRequired\":true,\"valueName\":\"search_term_string\"}}],\"inLanguage\":\"fr-FR\"},{\"@type\":\"Organization\",\"@id\":\"https:\\\/\\\/mb2immobilien.ch\\\/#organization\",\"name\":\"MB2 Immobilien AG\",\"url\":\"https:\\\/\\\/mb2immobilien.ch\\\/\",\"logo\":{\"@type\":\"ImageObject\",\"inLanguage\":\"fr-FR\",\"@id\":\"https:\\\/\\\/mb2immobilien.ch\\\/#\\\/schema\\\/logo\\\/image\\\/\",\"url\":\"https:\\\/\\\/mb2immobilien.ch\\\/wp-content\\\/uploads\\\/2022\\\/06\\\/logo.png\",\"contentUrl\":\"https:\\\/\\\/mb2immobilien.ch\\\/wp-content\\\/uploads\\\/2022\\\/06\\\/logo.png\",\"width\":192,\"height\":90,\"caption\":\"MB2 Immobilien AG\"},\"image\":{\"@id\":\"https:\\\/\\\/mb2immobilien.ch\\\/#\\\/schema\\\/logo\\\/image\\\/\"}}]}<\/script>\n<!-- \/ Yoast SEO plugin. -->","yoast_head_json":{"title":"Immeubles a louer - MB2 Immobilien AG","robots":{"index":"index","follow":"follow","max-snippet":"max-snippet:-1","max-image-preview":"max-image-preview:large","max-video-preview":"max-video-preview:-1"},"canonical":"https:\/\/mb2immobilien.ch\/fr\/prestations-de-service\/gerance\/immeubles-a-louer\/","og_locale":"fr_FR","og_type":"article","og_title":"Immeubles a louer - MB2 Immobilien AG","og_description":"Nous nous occupons irr\u00e9prochablement de la g\u00e9rance technique","og_url":"https:\/\/mb2immobilien.ch\/fr\/prestations-de-service\/gerance\/immeubles-a-louer\/","og_site_name":"MB2 Immobilien AG","article_modified_time":"2015-02-18T09:00:06+00:00","twitter_card":"summary_large_image","schema":{"@context":"https:\/\/schema.org","@graph":[{"@type":"WebPage","@id":"https:\/\/mb2immobilien.ch\/fr\/prestations-de-service\/gerance\/immeubles-a-louer\/","url":"https:\/\/mb2immobilien.ch\/fr\/prestations-de-service\/gerance\/immeubles-a-louer\/","name":"Immeubles a louer - MB2 Immobilien AG","isPartOf":{"@id":"https:\/\/mb2immobilien.ch\/#website"},"datePublished":"2014-10-21T12:16:17+00:00","dateModified":"2015-02-18T09:00:06+00:00","breadcrumb":{"@id":"https:\/\/mb2immobilien.ch\/fr\/prestations-de-service\/gerance\/immeubles-a-louer\/#breadcrumb"},"inLanguage":"fr-FR","potentialAction":[{"@type":"ReadAction","target":["https:\/\/mb2immobilien.ch\/fr\/prestations-de-service\/gerance\/immeubles-a-louer\/"]}]},{"@type":"BreadcrumbList","@id":"https:\/\/mb2immobilien.ch\/fr\/prestations-de-service\/gerance\/immeubles-a-louer\/#breadcrumb","itemListElement":[{"@type":"ListItem","position":1,"name":"Home","item":"https:\/\/mb2immobilien.ch\/fr\/"},{"@type":"ListItem","position":2,"name":"Prestations de service","item":"https:\/\/mb2immobilien.ch\/fr\/prestations-de-service\/"},{"@type":"ListItem","position":3,"name":"Gerance","item":"https:\/\/mb2immobilien.ch\/fr\/prestations-de-service\/gerance\/"},{"@type":"ListItem","position":4,"name":"Immeubles a louer"}]},{"@type":"WebSite","@id":"https:\/\/mb2immobilien.ch\/#website","url":"https:\/\/mb2immobilien.ch\/","name":"MB2 Immobilien AG","description":"","publisher":{"@id":"https:\/\/mb2immobilien.ch\/#organization"},"potentialAction":[{"@type":"SearchAction","target":{"@type":"EntryPoint","urlTemplate":"https:\/\/mb2immobilien.ch\/?s={search_term_string}"},"query-input":{"@type":"PropertyValueSpecification","valueRequired":true,"valueName":"search_term_string"}}],"inLanguage":"fr-FR"},{"@type":"Organization","@id":"https:\/\/mb2immobilien.ch\/#organization","name":"MB2 Immobilien AG","url":"https:\/\/mb2immobilien.ch\/","logo":{"@type":"ImageObject","inLanguage":"fr-FR","@id":"https:\/\/mb2immobilien.ch\/#\/schema\/logo\/image\/","url":"https:\/\/mb2immobilien.ch\/wp-content\/uploads\/2022\/06\/logo.png","contentUrl":"https:\/\/mb2immobilien.ch\/wp-content\/uploads\/2022\/06\/logo.png","width":192,"height":90,"caption":"MB2 Immobilien AG"},"image":{"@id":"https:\/\/mb2immobilien.ch\/#\/schema\/logo\/image\/"}}]}},"_links":{"self":[{"href":"https:\/\/mb2immobilien.ch\/fr\/wp-json\/wp\/v2\/pages\/338","targetHints":{"allow":["GET"]}}],"collection":[{"href":"https:\/\/mb2immobilien.ch\/fr\/wp-json\/wp\/v2\/pages"}],"about":[{"href":"https:\/\/mb2immobilien.ch\/fr\/wp-json\/wp\/v2\/types\/page"}],"author":[{"embeddable":true,"href":"https:\/\/mb2immobilien.ch\/fr\/wp-json\/wp\/v2\/users\/1"}],"replies":[{"embeddable":true,"href":"https:\/\/mb2immobilien.ch\/fr\/wp-json\/wp\/v2\/comments?post=338"}],"version-history":[{"count":0,"href":"https:\/\/mb2immobilien.ch\/fr\/wp-json\/wp\/v2\/pages\/338\/revisions"}],"up":[{"embeddable":true,"href":"https:\/\/mb2immobilien.ch\/fr\/wp-json\/wp\/v2\/pages\/336"}],"wp:attachment":[{"href":"https:\/\/mb2immobilien.ch\/fr\/wp-json\/wp\/v2\/media?parent=338"}],"curies":[{"name":"wp","href":"https:\/\/api.w.org\/{rel}","templated":true}]}}